{"id":3,"date":"2018-06-11T10:00:28","date_gmt":"2018-06-11T10:00:28","guid":{"rendered":"https:\/\/www.naranjo-sl.com\/en\/?page_id=3"},"modified":"2018-06-21T07:22:03","modified_gmt":"2018-06-21T07:22:03","slug":"privacy-policy","status":"publish","type":"page","link":"https:\/\/www.naranjo-sl.com\/en\/privacy-policy\/","title":{"rendered":"Privacy Policy"},"content":{"rendered":"<div class=\"fusion-fullwidth fullwidth-box fusion-builder-row-1 nonhundred-percent-fullwidth non-hundred-percent-height-scrolling\" style=\"background-color: rgba(255,255,255,0);background-position: center center;background-repeat: no-repeat;padding-top:0px;padding-right:0px;padding-bottom:0px;padding-left:0px;margin-bottom: 0px;margin-top: 0px;border-width: 0px 0px 0px 0px;border-color:#eae9e9;border-style:solid;\" ><div class=\"fusion-builder-row fusion-row\"><div class=\"fusion-layout-column fusion_builder_column fusion-builder-column-0 fusion_builder_column_1_1 1_1 fusion-one-full fusion-column-first fusion-column-last\" style=\"margin-top:0px;margin-bottom:0px;\"><div class=\"fusion-column-wrapper fusion-flex-column-wrapper-legacy\" style=\"background-position:left top;background-repeat:no-repeat;-webkit-background-size:cover;-moz-background-size:cover;-o-background-size:cover;background-size:cover;padding: 0px 0px 0px 0px;\"><div class=\"fusion-text fusion-text-1\"><h1 class=\"page-heading\" style=\"text-transform: uppercase;\">Pol\u00edtica de privacidad<\/h1>\n<h3 class=\"page-subheading\">1. RESPONSABLE<\/h3>\n<p>\u00bfQui\u00e9n es el responsable de tratamiento de sus datos?<\/p>\n<p>&#8211;\tIdentidad: ALESCI NARANJO PROPIEDAD INDUSTRIAL S.L.<br \/>\n&#8211;\tCIF: B86522240<br \/>\n&#8211;\tDomicilio: P\u00ba de la Habana, 200  CP 28035 MADRID<br \/>\n&#8211;\tTel\u00e9fono:  91 345 22 77<br \/>\n&#8211;\tCorreo electr\u00f3nico: naranjo@naranjo-sl.com<\/p>\n<h3 class=\"page-subheading\">2. FINALIDAD<\/h3>\n<p>\u00bfCon que finalidad trataremos sus datos personales?<\/p>\n<p>En ALESCI NARANJO PROPIEDAD INDUSTRIAL S.L. trataremos su informaci\u00f3n para:<\/p>\n<p>&#8211;\tGestionar la relaci\u00f3n mercantil que ha suscrito y contratado con nosotros.<\/p>\n<p>&#8211;\tEnv\u00edo de comunicaciones comerciales relacionados con el sector de PROPIEDAD INDUSTRIAL E INTELECTUAL<\/p>\n<p>&#8211;\tRealizaci\u00f3n de un presupuesto ajustado a sus necesidades.<\/p>\n<p>&#8211;\tGestionar comunicaciones por correo electr\u00f3nico con interesados.<\/p>\n<p>\u00bfDurante cu\u00e1nto tiempo tendremos sus datos?<br \/>\nLos datos personales que nos proporciones ser\u00e1n conservados mientras se mantenga la relaci\u00f3n mercantil vigente. Asimismo, aunque se ponga fin a la relaci\u00f3n entre las partes ALESCI NARANJO PROPIEDAD INDUSTRIAL S.L. seguir\u00e1 conservando su informaci\u00f3n para el env\u00edo de newsletters vinculadas con nuestros productos y servicios . Siempre podr\u00e1 ejercitar los derechos que le reconoce la normativa vigente poni\u00e9ndose en contacto a trav\u00e9s de la v\u00eda que le sea m\u00e1s c\u00f3moda.<\/p>\n<p>Sin embargo, le informamos que de forma peri\u00f3dica revisaremos nuestros sistemas para proceder a eliminar aquellos datos que no sean legalmente necesarios.  <\/p>\n<h3 class=\"page-subheading\">3. LEGITIMACI\u00d3N<\/h3>\n<p>\u00bfCu\u00e1l es la legitimaci\u00f3n para el tratamiento de sus datos?<br \/>\nSeg\u00fan las finalidades de la recogida de nuestros datos, el tratamiento de sus datos es necesario:<\/p>\n<p>1.\tGestionar la relaci\u00f3n mercantil que ha suscrito y contratado con nosotros.<br \/>\na.\tEjecuci\u00f3n de un contrato (habilitado por el art\u00edculo 6.1.b RGPD)<br \/>\nb.\tConsentimiento del interesado (habitado por el art\u00edculo 6.1.a RGPD)<\/p>\n<p>2.\tEnv\u00edo de comunicaciones comerciales<br \/>\na.\tConsentimiento del interesado (habilitado por el art\u00edculo 6.1. RGPD)<br \/>\nb.\tConsentimiento del interesado (habilitado por el art\u00edculo 20 LSSICE)<br \/>\nc.\tInter\u00e9s leg\u00edtimo (habilitado por el art\u00edculo 6.1.f RGPD)<\/p>\n<p>3.\tRealizaci\u00f3n de un presupuesto ajustado a sus necesidades.<br \/>\na.\tConsentimiento del interesado (habitado por el art\u00edculo 6.1.a RGPD)<\/p>\n<p>4.\tGestionar comunicaciones por correo electr\u00f3nico con interesados.<br \/>\na.\tConsentimiento del interesado (habitado por el art\u00edculo 6.1.a RGPD)<\/p>\n<p>Asimismo, todos los datos recogidos son necesarios para la prestaci\u00f3n del servicio. No obstante, aquellos datos que est\u00e9n marcados con un asterisco (*) ser\u00e1n opcionales. En el caso de que los datos obligatorios no fueran facilitados ALESCI NARANJO PROPIEDAD INDUSTRIAL S.L. no podr\u00e1 prestarle el servicio contratado. <\/p>\n<h3 class=\"page-subheading\">4.\tDERECHOS QUE LE ASISTEN A LAS PERSONAS INTERESADAS<\/h3>\n<p>\u00bfQu\u00e9 derechos tengo en materia de protecci\u00f3n de datos?<\/p>\n<p>Puede ejercitar cualquiera de los siguientes derechos comunic\u00e1ndonoslo a la direcci\u00f3n postal P\u00ba de la Habana, 200  CP 28035 MADRID o a la direcci\u00f3n electr\u00f3nica indicada en el encabezado (naranjo@naranjo-sl.com). En todo caso, seg\u00fan la normativa vigente tiene reconocido el:  <\/p>\n<p>&#8211;\tDerecho a solicitar el acceso a los datos personales relativos al interesado.<\/p>\n<p>&#8211;\tDerecho a solicitar su rectificaci\u00f3n o supresi\u00f3n.<\/p>\n<p>&#8211;\tDerecho a solicitar la limitaci\u00f3n del tratamiento.<\/p>\n<p>&#8211;\tDerecho a oponerse al tratamiento.<\/p>\n<p>&#8211;\tDerecho a la portabilidad.<\/p>\n<p>Podr\u00e1 hacer uso de los siguientes formularios para poder ejercitar sus derechos de una manera m\u00e1s f\u00e1cil <a href=\"https:\/\/www.naranjo-sl.com\/documentos\/derechos-de-los-interesados.docx\" target=\"_blank\">Formularios DOCX<\/a><\/p>\n<p>\u00bfCu\u00e1les son sus derechos cuando nos facilita sus datos?<\/p>\n<p>Cualquier ciudadano tiene el derecho a obtener confirmaci\u00f3n sobre si ALESCI NARANJO PROPIEDAD INDUSTRIAL S.L. est\u00e1 tratando datos de personales que le conciernan o no.<\/p>\n<p>Las personas interesadas podr\u00e1n acceder a sus datos personales, rectificarlos o en su caso solicitar la supresi\u00f3n cuando, entre otros motivos, los datos ya no sean necesarios para los fines que fueron recabados.<\/p>\n<p>Tambi\u00e9n puede comunicarnos que la limitaci\u00f3n del tratamiento de sus datos en cuyo caso \u00fanicamente se trataran para el ejercicio o la defensa de reclamaciones.<\/p>\n<p>Asimismo, en cualquier momento puede revocar su consentimiento sobre los datos manejados por usted. <\/p>\n<p>Adicionalmente, puede presentar una reclamaci\u00f3n ante la Agencia Espa\u00f1ola de Protecci\u00f3n de Datos (AEPD). M\u00e1s informaci\u00f3n en el Apartado VII del presente documento. <\/p>\n<h3 class=\"page-subheading\">5.\tDESTINATARIOS<\/h3>\n<p>\u00bfA qu\u00e9 destinatarios se comunicar\u00e1n sus datos?<\/p>\n<p>Sus datos no ser\u00e1n comunicados a terceras empresas. <\/p>\n<p>Asimismo, le informamos que sus datos no se transferir\u00e1n internacionalmente a ning\u00fan tercer pa\u00eds*.<\/p>\n<p>* (En caso de que la empresa aporte garant\u00edas adecuadas o apropiadas se informar\u00e1 para obtener una copia de estas. Tales garant\u00edas podr\u00e1n ser BCR, Clausulas tipo, mecanismos de certificaci\u00f3n, c\u00f3digos de conducta etc.) <\/p>\n<h3 class=\"page-subheading\">6. PROCEDENCIA DE SUS DATOS<\/h3>\n<p>\u00bfC\u00f3mo hemos obtenido sus datos?<\/p>\n<p>Los datos de car\u00e1cter personal que utiliza ALESCI NARANJO PROPIEDAD INDUSTRIAL S.L. proceden del propio interesado. <\/p>\n<p>\u00bfQu\u00e9 categor\u00edas de datos manejamos?<\/p>\n<p>Las Categor\u00edas de datos de car\u00e1cter personal que se tratan: <\/p>\n<p>&#8211;\tDatos de identificaci\u00f3n<br \/>\no\tNombre<br \/>\no\tApellidos<br \/>\no\tDNI \/ NIE \/ Pasaporte o documento equivalente<br \/>\no\tDirecciones postales<br \/>\no\tDirecciones electr\u00f3nicas<br \/>\no\tSexo<br \/>\no\tFecha de nacimiento<br \/>\no\tLugar de nacimiento<\/p>\n<p>&#8211;\tInformaci\u00f3n comercial<\/p>\n<p>&#8211;\tDatos econ\u00f3micos <\/p>\n<p>o\tN\u00famero de cuenta bancaria<br \/>\no\tN\u00famero de tarjeta de cr\u00e9dito<\/p>\n<p>ALESCI NARANJO PROPIEDAD INDUSTRIAL S.L. no trata datos especialmente protegidos.<\/p>\n<h3 class=\"page-subheading\">7. AUTORIDAD DE CONTROL<\/h3>\n<p>Desde ALESCI NARANJO PROPIEDAD INDUSTRIAL S.L. v ponemos el m\u00e1ximo empe\u00f1o para cumplir con la normativa de protecci\u00f3n de datos dado que es el activo m\u00e1s valioso para nosotros. No obstante, le informamos que en caso de que usted entienda que sus derechos se han visto menoscabados, puede presentar una reclamaci\u00f3n ante la Agencia Espa\u00f1ola de Protecci\u00f3n de Datos (AEPD), sita en C\/ Jorge Juan, 6. 28001 \u2013 Madrid. M\u00e1s informaci\u00f3n sobre la AEPD. http:\/\/www.agpd.es\/<\/p>\n<\/div><div class=\"fusion-clearfix\"><\/div><\/div><\/div><\/div><\/div>\n","protected":false},"excerpt":{"rendered":"","protected":false},"author":3,"featured_media":0,"parent":0,"menu_order":0,"comment_status":"closed","ping_status":"open","template":"","meta":[],"yoast_head":"<!-- This site is optimized with the Yoast SEO plugin v19.9 - https:\/\/yoast.com\/wordpress\/plugins\/seo\/ -->\n<title>Privacy Policy - Naranjo Patent and Trademarks<\/title>\n<meta name=\"robots\" content=\"index, follow, max-snippet:-1, max-image-preview:large, max-video-preview:-1\" \/>\n<link rel=\"canonical\" href=\"https:\/\/www.naranjo-sl.com\/en\/privacy-policy\/\" \/>\n<meta property=\"og:locale\" content=\"en_GB\" \/>\n<meta property=\"og:type\" content=\"article\" \/>\n<meta property=\"og:title\" content=\"Privacy Policy - Naranjo Patent and Trademarks\" \/>\n<meta property=\"og:url\" content=\"https:\/\/www.naranjo-sl.com\/en\/privacy-policy\/\" \/>\n<meta property=\"og:site_name\" content=\"Naranjo Patent and Trademarks\" \/>\n<meta property=\"article:modified_time\" content=\"2018-06-21T07:22:03+00:00\" \/>\n<meta name=\"twitter:card\" content=\"summary_large_image\" \/>\n<meta name=\"twitter:label1\" content=\"Estimated reading time\" \/>\n\t<meta name=\"twitter:data1\" content=\"6 minutes\" \/>\n<script type=\"application\/ld+json\" class=\"yoast-schema-graph\">{\"@context\":\"https:\/\/schema.org\",\"@graph\":[{\"@type\":\"WebPage\",\"@id\":\"https:\/\/www.naranjo-sl.com\/en\/privacy-policy\/\",\"url\":\"https:\/\/www.naranjo-sl.com\/en\/privacy-policy\/\",\"name\":\"Privacy Policy - Naranjo Patent and Trademarks\",\"isPartOf\":{\"@id\":\"https:\/\/www.naranjo-sl.com\/en\/#website\"},\"datePublished\":\"2018-06-11T10:00:28+00:00\",\"dateModified\":\"2018-06-21T07:22:03+00:00\",\"breadcrumb\":{\"@id\":\"https:\/\/www.naranjo-sl.com\/en\/privacy-policy\/#breadcrumb\"},\"inLanguage\":\"en-GB\",\"potentialAction\":[{\"@type\":\"ReadAction\",\"target\":[\"https:\/\/www.naranjo-sl.com\/en\/privacy-policy\/\"]}]},{\"@type\":\"BreadcrumbList\",\"@id\":\"https:\/\/www.naranjo-sl.com\/en\/privacy-policy\/#breadcrumb\",\"itemListElement\":[{\"@type\":\"ListItem\",\"position\":1,\"name\":\"Home\",\"item\":\"https:\/\/www.naranjo-sl.com\/en\/\"},{\"@type\":\"ListItem\",\"position\":2,\"name\":\"Privacy Policy\"}]},{\"@type\":\"WebSite\",\"@id\":\"https:\/\/www.naranjo-sl.com\/en\/#website\",\"url\":\"https:\/\/www.naranjo-sl.com\/en\/\",\"name\":\"Naranjo Patent and Trademarks\",\"description\":\"Intellectual and Industrial Property Services\",\"potentialAction\":[{\"@type\":\"SearchAction\",\"target\":{\"@type\":\"EntryPoint\",\"urlTemplate\":\"https:\/\/www.naranjo-sl.com\/en\/?s={search_term_string}\"},\"query-input\":\"required name=search_term_string\"}],\"inLanguage\":\"en-GB\"}]}<\/script>\n<!-- \/ Yoast SEO plugin. -->","yoast_head_json":{"title":"Privacy Policy - Naranjo Patent and Trademarks","robots":{"index":"index","follow":"follow","max-snippet":"max-snippet:-1","max-image-preview":"max-image-preview:large","max-video-preview":"max-video-preview:-1"},"canonical":"https:\/\/www.naranjo-sl.com\/en\/privacy-policy\/","og_locale":"en_GB","og_type":"article","og_title":"Privacy Policy - Naranjo Patent and Trademarks","og_url":"https:\/\/www.naranjo-sl.com\/en\/privacy-policy\/","og_site_name":"Naranjo Patent and Trademarks","article_modified_time":"2018-06-21T07:22:03+00:00","twitter_card":"summary_large_image","twitter_misc":{"Estimated reading time":"6 minutes"},"schema":{"@context":"https:\/\/schema.org","@graph":[{"@type":"WebPage","@id":"https:\/\/www.naranjo-sl.com\/en\/privacy-policy\/","url":"https:\/\/www.naranjo-sl.com\/en\/privacy-policy\/","name":"Privacy Policy - Naranjo Patent and Trademarks","isPartOf":{"@id":"https:\/\/www.naranjo-sl.com\/en\/#website"},"datePublished":"2018-06-11T10:00:28+00:00","dateModified":"2018-06-21T07:22:03+00:00","breadcrumb":{"@id":"https:\/\/www.naranjo-sl.com\/en\/privacy-policy\/#breadcrumb"},"inLanguage":"en-GB","potentialAction":[{"@type":"ReadAction","target":["https:\/\/www.naranjo-sl.com\/en\/privacy-policy\/"]}]},{"@type":"BreadcrumbList","@id":"https:\/\/www.naranjo-sl.com\/en\/privacy-policy\/#breadcrumb","itemListElement":[{"@type":"ListItem","position":1,"name":"Home","item":"https:\/\/www.naranjo-sl.com\/en\/"},{"@type":"ListItem","position":2,"name":"Privacy Policy"}]},{"@type":"WebSite","@id":"https:\/\/www.naranjo-sl.com\/en\/#website","url":"https:\/\/www.naranjo-sl.com\/en\/","name":"Naranjo Patent and Trademarks","description":"Intellectual and Industrial Property Services","potentialAction":[{"@type":"SearchAction","target":{"@type":"EntryPoint","urlTemplate":"https:\/\/www.naranjo-sl.com\/en\/?s={search_term_string}"},"query-input":"required name=search_term_string"}],"inLanguage":"en-GB"}]}},"_links":{"self":[{"href":"https:\/\/www.naranjo-sl.com\/en\/wp-json\/wp\/v2\/pages\/3"}],"collection":[{"href":"https:\/\/www.naranjo-sl.com\/en\/wp-json\/wp\/v2\/pages"}],"about":[{"href":"https:\/\/www.naranjo-sl.com\/en\/wp-json\/wp\/v2\/types\/page"}],"author":[{"embeddable":true,"href":"https:\/\/www.naranjo-sl.com\/en\/wp-json\/wp\/v2\/users\/3"}],"replies":[{"embeddable":true,"href":"https:\/\/www.naranjo-sl.com\/en\/wp-json\/wp\/v2\/comments?post=3"}],"version-history":[{"count":2,"href":"https:\/\/www.naranjo-sl.com\/en\/wp-json\/wp\/v2\/pages\/3\/revisions"}],"predecessor-version":[{"id":662,"href":"https:\/\/www.naranjo-sl.com\/en\/wp-json\/wp\/v2\/pages\/3\/revisions\/662"}],"wp:attachment":[{"href":"https:\/\/www.naranjo-sl.com\/en\/wp-json\/wp\/v2\/media?parent=3"}],"curies":[{"name":"wp","href":"https:\/\/api.w.org\/{rel}","templated":true}]}}